{"id":101,"date":"2015-03-08T16:06:01","date_gmt":"2015-03-08T22:06:01","guid":{"rendered":"http:\/\/pizza.revilo.at\/lieferdienste\/?page_id=101"},"modified":"2026-03-14T21:37:48","modified_gmt":"2026-03-14T20:37:48","slug":"gute-kuche","status":"publish","type":"page","link":"https:\/\/pizza.revilo.at\/lieferdienste\/gute-kuche\/","title":{"rendered":"Gute K\u00fcche Gasth\u00e4user"},"content":{"rendered":"<h2>empfohlene Gasth\u00e4user<\/h2>\n<p>&nbsp;<\/p>\n<table style=\"width: 700px; height: 30px;\">\n<tbody>\n<tr>\n<td><strong>Weydner Wirtshaus<\/strong><\/td>\n<td><\/td>\n<td><\/td>\n<td><\/td>\n<\/tr>\n<tr>\n<td>dort kann man sich\u00a0&#8222;das Marchfeld sch\u00f6n essen&#8220;<\/td>\n<td><\/td>\n<td><\/td>\n<td><\/td>\n<\/tr>\n<tr>\n<td><\/td>\n<td><\/td>\n<td><\/td>\n<td><\/td>\n<td><\/td>\n<\/tr>\n<tr>\n<td><a title=\"Website Weydner Wirtshaus\" href=\"http:\/\/www.weydner-wirtshaus.at\/\" target=\"_blank\"><img loading=\"lazy\" decoding=\"async\" class=\"alignleft wp-image-244 size-full\" src=\"http:\/\/pizza.revilo.at\/lieferdienste\/wp-content\/uploads\/2015\/03\/weydnerwirtshaus.jpg\" alt=\"weydnerwirtshaus\" width=\"280\" height=\"100\" \/><\/a><\/td>\n<td><\/td>\n<td><\/td>\n<td><\/td>\n<\/tr>\n<tr>\n<td><a href=\"https:\/\/goo.gl\/maps\/BGipl\">2295 Oberweiden |\u00a0Sch\u00f6nfelder Stra\u00dfe 2<\/a><br \/>\n<a href=\"http:\/\/www.weydner-wirtshaus.at\/\">www.weydner-wirtshaus.at<\/a><\/td>\n<td><\/td>\n<td><\/td>\n<td><\/td>\n<\/tr>\n<\/tbody>\n<\/table>\n<p>&nbsp;<\/p>\n<table style=\"width: 700px; height: 30px;\">\n<tbody>\n<tr>\n<td><strong>Gasthaus zur Schiene<\/strong><\/td>\n<td><\/td>\n<td><strong>Heurigenlokal Riedm\u00fcller<\/strong><\/td>\n<td><\/td>\n<td><\/td>\n<\/tr>\n<tr>\n<td>Direkt am Bahnhof<\/td>\n<td><\/td>\n<td>Weinbau und Buschenschank<\/td>\n<td><\/td>\n<td><\/td>\n<\/tr>\n<tr>\n<td><\/td>\n<td><\/td>\n<td><\/td>\n<td><\/td>\n<td><\/td>\n<\/tr>\n<tr>\n<td><a href=\"http:\/\/gasthaus-marchegg.at\/\"><img loading=\"lazy\" decoding=\"async\" class=\"alignleft wp-image-404\" src=\"http:\/\/pizza.revilo.at\/lieferdienste\/wp-content\/uploads\/2015\/03\/logo-gasthaus-zur-schiene-marchegg.png\" alt=\"logo-gasthaus-zur-schiene-marchegg\" width=\"280\" height=\"63\" srcset=\"https:\/\/pizza.revilo.at\/lieferdienste\/wp-content\/uploads\/2015\/03\/logo-gasthaus-zur-schiene-marchegg.png 600w, https:\/\/pizza.revilo.at\/lieferdienste\/wp-content\/uploads\/2015\/03\/logo-gasthaus-zur-schiene-marchegg-300x67.png 300w\" sizes=\"auto, (max-width: 280px) 100vw, 280px\" \/><\/a><\/td>\n<td><\/td>\n<td><a href=\"http:\/\/members.aon.at\/weinbau-riedmueller\/buschenschank.htm\"><img loading=\"lazy\" decoding=\"async\" class=\" size-full wp-image-363 alignleft\" src=\"http:\/\/pizza.revilo.at\/lieferdienste\/wp-content\/uploads\/2015\/03\/Weinbau-Buschenschank-Riedm\u00fcller-Hainburg.png\" alt=\"Weinbau-Buschenschank-Riedm\u00fcller-Hainburg\" width=\"280\" height=\"100\" \/><\/a><\/td>\n<td><\/td>\n<td><\/td>\n<\/tr>\n<tr>\n<td>2294 Marchegg \u00a0| Am Bahnhof 8<br \/>\n<a href=\"http:\/\/gasthaus-marchegg.at\/\" target=\"_blank\">www.gasthaus-marchegg.at<\/a><\/td>\n<td><\/td>\n<td><a href=\"https:\/\/goo.gl\/maps\/1gIie\" target=\"_blank\">2410 Hainburg\/Donau | Klosterplatz 4<\/a><br \/>\n<a href=\"http:\/\/members.aon.at\/weinbau-riedmueller\/buschenschank.htm\">www.weinbau-riedm\u00fcller.at<\/a><\/td>\n<td><\/td>\n<td><\/td>\n<\/tr>\n<\/tbody>\n<\/table>\n<p>&nbsp;<\/p>\n<table style=\"width: 700px; height: 30px;\">\n<tbody>\n<tr>\n<td><strong>Gasthaus zur Zuckerfabrik<\/strong><\/td>\n<td><\/td>\n<td><\/td>\n<td><\/td>\n<td><\/td>\n<\/tr>\n<tr>\n<td>Wirtshauskultur in der\u00a0Genussregion Marchfeld<\/td>\n<td><\/td>\n<td><\/td>\n<td><\/td>\n<td><\/td>\n<\/tr>\n<tr>\n<td><\/td>\n<td><\/td>\n<td><\/td>\n<td><\/td>\n<td><\/td>\n<\/tr>\n<tr>\n<td><a href=\"http:\/\/www.gzzf.at\/\" target=\"_blank\"><img loading=\"lazy\" decoding=\"async\" class=\" size-full wp-image-359 alignleft\" src=\"http:\/\/pizza.revilo.at\/lieferdienste\/wp-content\/uploads\/2015\/03\/Gasthaus-Zuckerfabrik.png\" alt=\"Gasthaus-Zuckerfabrik\" width=\"280\" height=\"100\" \/><\/a><\/td>\n<td><\/td>\n<td><\/td>\n<td><\/td>\n<td><\/td>\n<\/tr>\n<tr>\n<td><a href=\"https:\/\/goo.gl\/maps\/P4ynX\" target=\"_blank\">2285 Leopoldsdorf\u00a0|\u00a0Bahnstra\u00dfe 110<\/a><br \/>\n<a href=\"http:\/\/www.gzzf.at\" target=\"_blank\">www.gzzf.at<\/a><\/td>\n<td><\/td>\n<td><\/td>\n<td><\/td>\n<td><\/td>\n<\/tr>\n<\/tbody>\n<\/table>\n<p>&nbsp;<\/p>\n<p>&nbsp;<\/p>\n","protected":false},"excerpt":{"rendered":"<p>empfohlene Gasth\u00e4user &nbsp; Weydner Wirtshaus dort kann man sich\u00a0&#8222;das Marchfeld sch\u00f6n essen&#8220; 2295 Oberweiden |\u00a0Sch\u00f6nfelder Stra\u00dfe 2 www.weydner-wirtshaus.at &nbsp; Gasthaus&#8230;<\/p>\n","protected":false},"author":1,"featured_media":0,"parent":0,"menu_order":0,"comment_status":"open","ping_status":"open","template":"template-full-width.php","meta":{"footnotes":""},"class_list":["post-101","page","type-page","status-publish","hentry","end"],"yoast_head":"<!-- This site is optimized with the Yoast SEO plugin v27.2 - https:\/\/yoast.com\/product\/yoast-seo-wordpress\/ -->\n<title>Gute K\u00fcche Gasth\u00e4user - Lieferdienste Marchfeld<\/title>\n<meta name=\"robots\" content=\"index, follow, max-snippet:-1, max-image-preview:large, max-video-preview:-1\" \/>\n<link rel=\"canonical\" href=\"https:\/\/pizza.revilo.at\/lieferdienste\/gute-kuche\/\" \/>\n<meta property=\"og:locale\" content=\"de_DE\" \/>\n<meta property=\"og:type\" content=\"article\" \/>\n<meta property=\"og:title\" content=\"Gute K\u00fcche Gasth\u00e4user - Lieferdienste Marchfeld\" \/>\n<meta property=\"og:description\" content=\"empfohlene Gasth\u00e4user &nbsp; Weydner Wirtshaus dort kann man sich\u00a0&#8222;das Marchfeld sch\u00f6n essen&#8220; 2295 Oberweiden |\u00a0Sch\u00f6nfelder Stra\u00dfe 2 www.weydner-wirtshaus.at &nbsp; Gasthaus...\" \/>\n<meta property=\"og:url\" content=\"https:\/\/pizza.revilo.at\/lieferdienste\/gute-kuche\/\" \/>\n<meta property=\"og:site_name\" content=\"Lieferdienste Marchfeld\" \/>\n<meta property=\"article:modified_time\" content=\"2026-03-14T20:37:48+00:00\" \/>\n<meta property=\"og:image\" content=\"https:\/\/pizza.revilo.at\/lieferdienste\/wp-content\/uploads\/2015\/03\/weydnerwirtshaus.jpg\" \/>\n\t<meta property=\"og:image:width\" content=\"280\" \/>\n\t<meta property=\"og:image:height\" content=\"100\" \/>\n\t<meta property=\"og:image:type\" content=\"image\/jpeg\" \/>\n<meta name=\"twitter:card\" content=\"summary_large_image\" \/>\n<script type=\"application\/ld+json\" class=\"yoast-schema-graph\">{\"@context\":\"https:\/\/schema.org\",\"@graph\":[{\"@type\":\"WebPage\",\"@id\":\"https:\/\/pizza.revilo.at\/lieferdienste\/gute-kuche\/\",\"url\":\"https:\/\/pizza.revilo.at\/lieferdienste\/gute-kuche\/\",\"name\":\"Gute K\u00fcche Gasth\u00e4user - Lieferdienste Marchfeld\",\"isPartOf\":{\"@id\":\"https:\/\/pizza.revilo.at\/lieferdienste\/#website\"},\"primaryImageOfPage\":{\"@id\":\"https:\/\/pizza.revilo.at\/lieferdienste\/gute-kuche\/#primaryimage\"},\"image\":{\"@id\":\"https:\/\/pizza.revilo.at\/lieferdienste\/gute-kuche\/#primaryimage\"},\"thumbnailUrl\":\"http:\/\/pizza.revilo.at\/lieferdienste\/wp-content\/uploads\/2015\/03\/weydnerwirtshaus.jpg\",\"datePublished\":\"2015-03-08T22:06:01+00:00\",\"dateModified\":\"2026-03-14T20:37:48+00:00\",\"breadcrumb\":{\"@id\":\"https:\/\/pizza.revilo.at\/lieferdienste\/gute-kuche\/#breadcrumb\"},\"inLanguage\":\"de\",\"potentialAction\":[{\"@type\":\"ReadAction\",\"target\":[\"https:\/\/pizza.revilo.at\/lieferdienste\/gute-kuche\/\"]}]},{\"@type\":\"ImageObject\",\"inLanguage\":\"de\",\"@id\":\"https:\/\/pizza.revilo.at\/lieferdienste\/gute-kuche\/#primaryimage\",\"url\":\"https:\/\/pizza.revilo.at\/lieferdienste\/wp-content\/uploads\/2015\/03\/weydnerwirtshaus.jpg\",\"contentUrl\":\"https:\/\/pizza.revilo.at\/lieferdienste\/wp-content\/uploads\/2015\/03\/weydnerwirtshaus.jpg\",\"width\":280,\"height\":100},{\"@type\":\"BreadcrumbList\",\"@id\":\"https:\/\/pizza.revilo.at\/lieferdienste\/gute-kuche\/#breadcrumb\",\"itemListElement\":[{\"@type\":\"ListItem\",\"position\":1,\"name\":\"Home\",\"item\":\"https:\/\/pizza.revilo.at\/lieferdienste\/\"},{\"@type\":\"ListItem\",\"position\":2,\"name\":\"Gute K\u00fcche Gasth\u00e4user\"}]},{\"@type\":\"WebSite\",\"@id\":\"https:\/\/pizza.revilo.at\/lieferdienste\/#website\",\"url\":\"https:\/\/pizza.revilo.at\/lieferdienste\/\",\"name\":\"Lieferdienste Marchfeld\",\"description\":\"Pizza Kebap Lieferdienste\",\"potentialAction\":[{\"@type\":\"SearchAction\",\"target\":{\"@type\":\"EntryPoint\",\"urlTemplate\":\"https:\/\/pizza.revilo.at\/lieferdienste\/?s={search_term_string}\"},\"query-input\":{\"@type\":\"PropertyValueSpecification\",\"valueRequired\":true,\"valueName\":\"search_term_string\"}}],\"inLanguage\":\"de\"}]}<\/script>\n<!-- \/ Yoast SEO plugin. -->","yoast_head_json":{"title":"Gute K\u00fcche Gasth\u00e4user - Lieferdienste Marchfeld","robots":{"index":"index","follow":"follow","max-snippet":"max-snippet:-1","max-image-preview":"max-image-preview:large","max-video-preview":"max-video-preview:-1"},"canonical":"https:\/\/pizza.revilo.at\/lieferdienste\/gute-kuche\/","og_locale":"de_DE","og_type":"article","og_title":"Gute K\u00fcche Gasth\u00e4user - Lieferdienste Marchfeld","og_description":"empfohlene Gasth\u00e4user &nbsp; Weydner Wirtshaus dort kann man sich\u00a0&#8222;das Marchfeld sch\u00f6n essen&#8220; 2295 Oberweiden |\u00a0Sch\u00f6nfelder Stra\u00dfe 2 www.weydner-wirtshaus.at &nbsp; Gasthaus...","og_url":"https:\/\/pizza.revilo.at\/lieferdienste\/gute-kuche\/","og_site_name":"Lieferdienste Marchfeld","article_modified_time":"2026-03-14T20:37:48+00:00","og_image":[{"width":280,"height":100,"url":"https:\/\/pizza.revilo.at\/lieferdienste\/wp-content\/uploads\/2015\/03\/weydnerwirtshaus.jpg","type":"image\/jpeg"}],"twitter_card":"summary_large_image","schema":{"@context":"https:\/\/schema.org","@graph":[{"@type":"WebPage","@id":"https:\/\/pizza.revilo.at\/lieferdienste\/gute-kuche\/","url":"https:\/\/pizza.revilo.at\/lieferdienste\/gute-kuche\/","name":"Gute K\u00fcche Gasth\u00e4user - Lieferdienste Marchfeld","isPartOf":{"@id":"https:\/\/pizza.revilo.at\/lieferdienste\/#website"},"primaryImageOfPage":{"@id":"https:\/\/pizza.revilo.at\/lieferdienste\/gute-kuche\/#primaryimage"},"image":{"@id":"https:\/\/pizza.revilo.at\/lieferdienste\/gute-kuche\/#primaryimage"},"thumbnailUrl":"http:\/\/pizza.revilo.at\/lieferdienste\/wp-content\/uploads\/2015\/03\/weydnerwirtshaus.jpg","datePublished":"2015-03-08T22:06:01+00:00","dateModified":"2026-03-14T20:37:48+00:00","breadcrumb":{"@id":"https:\/\/pizza.revilo.at\/lieferdienste\/gute-kuche\/#breadcrumb"},"inLanguage":"de","potentialAction":[{"@type":"ReadAction","target":["https:\/\/pizza.revilo.at\/lieferdienste\/gute-kuche\/"]}]},{"@type":"ImageObject","inLanguage":"de","@id":"https:\/\/pizza.revilo.at\/lieferdienste\/gute-kuche\/#primaryimage","url":"https:\/\/pizza.revilo.at\/lieferdienste\/wp-content\/uploads\/2015\/03\/weydnerwirtshaus.jpg","contentUrl":"https:\/\/pizza.revilo.at\/lieferdienste\/wp-content\/uploads\/2015\/03\/weydnerwirtshaus.jpg","width":280,"height":100},{"@type":"BreadcrumbList","@id":"https:\/\/pizza.revilo.at\/lieferdienste\/gute-kuche\/#breadcrumb","itemListElement":[{"@type":"ListItem","position":1,"name":"Home","item":"https:\/\/pizza.revilo.at\/lieferdienste\/"},{"@type":"ListItem","position":2,"name":"Gute K\u00fcche Gasth\u00e4user"}]},{"@type":"WebSite","@id":"https:\/\/pizza.revilo.at\/lieferdienste\/#website","url":"https:\/\/pizza.revilo.at\/lieferdienste\/","name":"Lieferdienste Marchfeld","description":"Pizza Kebap Lieferdienste","potentialAction":[{"@type":"SearchAction","target":{"@type":"EntryPoint","urlTemplate":"https:\/\/pizza.revilo.at\/lieferdienste\/?s={search_term_string}"},"query-input":{"@type":"PropertyValueSpecification","valueRequired":true,"valueName":"search_term_string"}}],"inLanguage":"de"}]}},"_links":{"self":[{"href":"https:\/\/pizza.revilo.at\/lieferdienste\/wp-json\/wp\/v2\/pages\/101","targetHints":{"allow":["GET"]}}],"collection":[{"href":"https:\/\/pizza.revilo.at\/lieferdienste\/wp-json\/wp\/v2\/pages"}],"about":[{"href":"https:\/\/pizza.revilo.at\/lieferdienste\/wp-json\/wp\/v2\/types\/page"}],"author":[{"embeddable":true,"href":"https:\/\/pizza.revilo.at\/lieferdienste\/wp-json\/wp\/v2\/users\/1"}],"replies":[{"embeddable":true,"href":"https:\/\/pizza.revilo.at\/lieferdienste\/wp-json\/wp\/v2\/comments?post=101"}],"version-history":[{"count":57,"href":"https:\/\/pizza.revilo.at\/lieferdienste\/wp-json\/wp\/v2\/pages\/101\/revisions"}],"predecessor-version":[{"id":584,"href":"https:\/\/pizza.revilo.at\/lieferdienste\/wp-json\/wp\/v2\/pages\/101\/revisions\/584"}],"wp:attachment":[{"href":"https:\/\/pizza.revilo.at\/lieferdienste\/wp-json\/wp\/v2\/media?parent=101"}],"curies":[{"name":"wp","href":"https:\/\/api.w.org\/{rel}","templated":true}]}}