{"id":303,"date":"2015-03-12T20:28:05","date_gmt":"2015-03-12T19:28:05","guid":{"rendered":"http:\/\/pizza.revilo.at\/lieferdienste\/?page_id=303"},"modified":"2015-03-12T20:33:24","modified_gmt":"2015-03-12T19:33:24","slug":"weitere-lieferdienste","status":"publish","type":"page","link":"https:\/\/pizza.revilo.at\/lieferdienste\/weitere-lieferdienste\/","title":{"rendered":"weitere Lieferdienste"},"content":{"rendered":"<h4>Lieferdienste ohne aktuelle Speisekarten. Stand M\u00e4rz 2015&nbsp; |&nbsp;<br \/>\n<a href=\"http:\/\/www.facebook.com\/pizza.revilo\" target=\"_blank\">Erg\u00e4nzungen und \u00c4nderungen bitte vorzugsweise hier \u00fcber Facebook mitteilen. <\/a><\/h4>\n<hr \/>\n<div itemscope itemtype=\"http:\/\/schema.org\/Restaurant\">\n<p>G\u00e4nserndorf PLZ <span itemprop=\"postalCode\">2230<\/span>:<\/p>\n<ul>\n<li><span itemprop=\"name\"> <a href=\"http:\/\/www.ristorante-uboot.at\/\" target=\"_blank\" rel=\"nofollow\">Ristorante UBoot<\/a><\/li>\n<p><\/span><\/p>\n<li><span itemprop=\"name\"> <a href=\"http:\/\/www.pizzahaus-gaenserndorf.at\/\" target=\"_blank\" rel=\"nofollow\">Pizzahaus G\u00e4nserndorf<\/a>\u00a0lieferservice.at<\/li>\n<p><\/span><\/p>\n<li><span itemprop=\"name\"> <a href=\"http:\/\/www.pizzeria-il-ponte.at\/\" target=\"_blank\" rel=\"nofollow\">Pizzeria Il Ponte<\/a> lieferservice.at<\/li>\n<p><\/span><\/p>\n<li><span itemprop=\"name\"> <a href=\"http:\/\/www.elitgaenserndorf.at\/\" target=\"_blank\" rel=\"nofollow\">Elit Restaurant Pizza &amp; Grill <\/a>lieferservice.at<\/li>\n<p><\/span>\n<\/ul>\n<p>Leopoldsdorf im Marchfeld PLZ <span itemprop=\"postalCode\">2285<\/span>::<\/p>\n<ul>\n<li><span itemprop=\"name\"> <a href=\"http:\/\/www.lieferservice.at\/pizzeria-monte-christo\" target=\"_blank\" rel=\"nofollow\">Monte Christo\u00a0<\/a>\u00a0lieferservice.at<\/span><\/li>\n<\/ul>\n<p>Deutsch Wagram PLZ <span itemprop=\"postalCode\">2232<\/span>:<\/p>\n<ul>\n<li><span itemprop=\"name\"> <a href=\"http:\/\/www.paradiespizzakebaphaus.at\/\" target=\"_blank\" rel=\"nofollow\">Paradies Pizza &#038; Kebap Haus<\/a> lieferservice.at<\/li>\n<p><\/span><\/p>\n<li><span itemprop=\"name\"> <a href=\"http:\/\/www.torinofastfoodhaus.at\/\" target=\"_blank\" rel=\"nofollow\">Torino Fast Food Haus<\/a>\u00a0lieferservice.at<\/li>\n<p><\/span>\n<\/ul>\n<p>\tStrasshof an der Nordbahn PLZ <span itemprop=\"postalCode\">2231<\/span>:<\/p>\n<ul>\n<li><span itemprop=\"name\"> <a href=\"http:\/\/www.gino-pizza-kebap.at\/\" target=\"_blank\" rel=\"nofollow\">Gino Pizza Kebap <\/a> lieferservice.at<\/li>\n<p><\/span><\/p>\n<li><span itemprop=\"name\"> <a href=\"http:\/\/www.torinofastfoodhaus.at\/\" target=\"_blank\" rel=\"nofollow\">Torino Fast Food Haus<\/a>\u00a0lieferservice.at<\/li>\n<p><\/span>\n<\/ul>\n<p>&nbsp;<\/p>\n","protected":false},"excerpt":{"rendered":"<p>Lieferdienste ohne aktuelle Speisekarten. Stand M\u00e4rz 2015&nbsp; |&nbsp; Erg\u00e4nzungen und \u00c4nderungen bitte vorzugsweise hier \u00fcber Facebook mitteilen. G\u00e4nserndorf PLZ 2230:&#8230;<\/p>\n","protected":false},"author":1,"featured_media":0,"parent":0,"menu_order":0,"comment_status":"open","ping_status":"closed","template":"template-full-width.php","meta":{"footnotes":""},"class_list":["post-303","page","type-page","status-publish","hentry","end"],"yoast_head":"<!-- This site is optimized with the Yoast SEO plugin v27.2 - https:\/\/yoast.com\/product\/yoast-seo-wordpress\/ -->\n<title>weitere Lieferdienste - Lieferdienste Marchfeld<\/title>\n<meta name=\"robots\" content=\"index, follow, max-snippet:-1, max-image-preview:large, max-video-preview:-1\" \/>\n<link rel=\"canonical\" href=\"https:\/\/pizza.revilo.at\/lieferdienste\/weitere-lieferdienste\/\" \/>\n<meta property=\"og:locale\" content=\"de_DE\" \/>\n<meta property=\"og:type\" content=\"article\" \/>\n<meta property=\"og:title\" content=\"weitere Lieferdienste - Lieferdienste Marchfeld\" \/>\n<meta property=\"og:description\" content=\"Lieferdienste ohne aktuelle Speisekarten. Stand M\u00e4rz 2015&nbsp; |&nbsp; Erg\u00e4nzungen und \u00c4nderungen bitte vorzugsweise hier \u00fcber Facebook mitteilen. G\u00e4nserndorf PLZ 2230:...\" \/>\n<meta property=\"og:url\" content=\"https:\/\/pizza.revilo.at\/lieferdienste\/weitere-lieferdienste\/\" \/>\n<meta property=\"og:site_name\" content=\"Lieferdienste Marchfeld\" \/>\n<meta property=\"article:modified_time\" content=\"2015-03-12T19:33:24+00:00\" \/>\n<meta name=\"twitter:card\" content=\"summary_large_image\" \/>\n<script type=\"application\/ld+json\" class=\"yoast-schema-graph\">{\"@context\":\"https:\/\/schema.org\",\"@graph\":[{\"@type\":\"WebPage\",\"@id\":\"https:\/\/pizza.revilo.at\/lieferdienste\/weitere-lieferdienste\/\",\"url\":\"https:\/\/pizza.revilo.at\/lieferdienste\/weitere-lieferdienste\/\",\"name\":\"weitere Lieferdienste - Lieferdienste Marchfeld\",\"isPartOf\":{\"@id\":\"https:\/\/pizza.revilo.at\/lieferdienste\/#website\"},\"datePublished\":\"2015-03-12T19:28:05+00:00\",\"dateModified\":\"2015-03-12T19:33:24+00:00\",\"breadcrumb\":{\"@id\":\"https:\/\/pizza.revilo.at\/lieferdienste\/weitere-lieferdienste\/#breadcrumb\"},\"inLanguage\":\"de\",\"potentialAction\":[{\"@type\":\"ReadAction\",\"target\":[\"https:\/\/pizza.revilo.at\/lieferdienste\/weitere-lieferdienste\/\"]}]},{\"@type\":\"BreadcrumbList\",\"@id\":\"https:\/\/pizza.revilo.at\/lieferdienste\/weitere-lieferdienste\/#breadcrumb\",\"itemListElement\":[{\"@type\":\"ListItem\",\"position\":1,\"name\":\"Home\",\"item\":\"https:\/\/pizza.revilo.at\/lieferdienste\/\"},{\"@type\":\"ListItem\",\"position\":2,\"name\":\"weitere Lieferdienste\"}]},{\"@type\":\"WebSite\",\"@id\":\"https:\/\/pizza.revilo.at\/lieferdienste\/#website\",\"url\":\"https:\/\/pizza.revilo.at\/lieferdienste\/\",\"name\":\"Lieferdienste Marchfeld\",\"description\":\"Pizza Kebap Lieferdienste\",\"potentialAction\":[{\"@type\":\"SearchAction\",\"target\":{\"@type\":\"EntryPoint\",\"urlTemplate\":\"https:\/\/pizza.revilo.at\/lieferdienste\/?s={search_term_string}\"},\"query-input\":{\"@type\":\"PropertyValueSpecification\",\"valueRequired\":true,\"valueName\":\"search_term_string\"}}],\"inLanguage\":\"de\"}]}<\/script>\n<!-- \/ Yoast SEO plugin. -->","yoast_head_json":{"title":"weitere Lieferdienste - Lieferdienste Marchfeld","robots":{"index":"index","follow":"follow","max-snippet":"max-snippet:-1","max-image-preview":"max-image-preview:large","max-video-preview":"max-video-preview:-1"},"canonical":"https:\/\/pizza.revilo.at\/lieferdienste\/weitere-lieferdienste\/","og_locale":"de_DE","og_type":"article","og_title":"weitere Lieferdienste - Lieferdienste Marchfeld","og_description":"Lieferdienste ohne aktuelle Speisekarten. Stand M\u00e4rz 2015&nbsp; |&nbsp; Erg\u00e4nzungen und \u00c4nderungen bitte vorzugsweise hier \u00fcber Facebook mitteilen. G\u00e4nserndorf PLZ 2230:...","og_url":"https:\/\/pizza.revilo.at\/lieferdienste\/weitere-lieferdienste\/","og_site_name":"Lieferdienste Marchfeld","article_modified_time":"2015-03-12T19:33:24+00:00","twitter_card":"summary_large_image","schema":{"@context":"https:\/\/schema.org","@graph":[{"@type":"WebPage","@id":"https:\/\/pizza.revilo.at\/lieferdienste\/weitere-lieferdienste\/","url":"https:\/\/pizza.revilo.at\/lieferdienste\/weitere-lieferdienste\/","name":"weitere Lieferdienste - Lieferdienste Marchfeld","isPartOf":{"@id":"https:\/\/pizza.revilo.at\/lieferdienste\/#website"},"datePublished":"2015-03-12T19:28:05+00:00","dateModified":"2015-03-12T19:33:24+00:00","breadcrumb":{"@id":"https:\/\/pizza.revilo.at\/lieferdienste\/weitere-lieferdienste\/#breadcrumb"},"inLanguage":"de","potentialAction":[{"@type":"ReadAction","target":["https:\/\/pizza.revilo.at\/lieferdienste\/weitere-lieferdienste\/"]}]},{"@type":"BreadcrumbList","@id":"https:\/\/pizza.revilo.at\/lieferdienste\/weitere-lieferdienste\/#breadcrumb","itemListElement":[{"@type":"ListItem","position":1,"name":"Home","item":"https:\/\/pizza.revilo.at\/lieferdienste\/"},{"@type":"ListItem","position":2,"name":"weitere Lieferdienste"}]},{"@type":"WebSite","@id":"https:\/\/pizza.revilo.at\/lieferdienste\/#website","url":"https:\/\/pizza.revilo.at\/lieferdienste\/","name":"Lieferdienste Marchfeld","description":"Pizza Kebap Lieferdienste","potentialAction":[{"@type":"SearchAction","target":{"@type":"EntryPoint","urlTemplate":"https:\/\/pizza.revilo.at\/lieferdienste\/?s={search_term_string}"},"query-input":{"@type":"PropertyValueSpecification","valueRequired":true,"valueName":"search_term_string"}}],"inLanguage":"de"}]}},"_links":{"self":[{"href":"https:\/\/pizza.revilo.at\/lieferdienste\/wp-json\/wp\/v2\/pages\/303","targetHints":{"allow":["GET"]}}],"collection":[{"href":"https:\/\/pizza.revilo.at\/lieferdienste\/wp-json\/wp\/v2\/pages"}],"about":[{"href":"https:\/\/pizza.revilo.at\/lieferdienste\/wp-json\/wp\/v2\/types\/page"}],"author":[{"embeddable":true,"href":"https:\/\/pizza.revilo.at\/lieferdienste\/wp-json\/wp\/v2\/users\/1"}],"replies":[{"embeddable":true,"href":"https:\/\/pizza.revilo.at\/lieferdienste\/wp-json\/wp\/v2\/comments?post=303"}],"version-history":[{"count":42,"href":"https:\/\/pizza.revilo.at\/lieferdienste\/wp-json\/wp\/v2\/pages\/303\/revisions"}],"predecessor-version":[{"id":352,"href":"https:\/\/pizza.revilo.at\/lieferdienste\/wp-json\/wp\/v2\/pages\/303\/revisions\/352"}],"wp:attachment":[{"href":"https:\/\/pizza.revilo.at\/lieferdienste\/wp-json\/wp\/v2\/media?parent=303"}],"curies":[{"name":"wp","href":"https:\/\/api.w.org\/{rel}","templated":true}]}}