{"id":40,"date":"2015-03-07T23:29:34","date_gmt":"2015-03-07T22:29:34","guid":{"rendered":"http:\/\/pizza.revilo.at\/lieferdienste\/?page_id=40"},"modified":"2015-03-12T20:36:15","modified_gmt":"2015-03-12T19:36:15","slug":"uber-pizza-revilo-at","status":"publish","type":"page","link":"https:\/\/pizza.revilo.at\/lieferdienste\/uber-pizza-revilo-at\/","title":{"rendered":"\u00fcber pizza.revilo.at"},"content":{"rendered":"<p class=\"style1\"><strong>Falls Sie uns \u00f6fter besuchen und unseren Dienst zu sch\u00e4tzen wissen , laden Sie uns doch auf einen Kaffee ein \ud83d\ude09<br \/>\nDas geht am einfachsten hier<\/strong><\/p>\n<p class=\"style1\"><a href=\"https:\/\/www.paypal.com\/cgi-bin\/webscr?cmd=_s-xclick&amp;hosted_button_id=55BJZWMB48QFG\" target=\"_blank\"><img loading=\"lazy\" decoding=\"async\" class=\" size-full wp-image-256 alignleft\" src=\"http:\/\/pizza.revilo.at\/lieferdienste\/wp-content\/uploads\/2015\/03\/buy-me-a-coffee1.png\" alt=\"buy-me-a-coffee[1]\" width=\"240\" height=\"100\" \/><\/a><\/p>\n<p>&nbsp;<\/p>\n<p>&nbsp;<\/p>\n<p>&nbsp;<\/p>\n<p><strong>Info f\u00fcr Lieferdienste:<\/strong><br \/>\nWenn Ihre\u00a0Karte nicht mehr aktuell ist oder nicht angef\u00fchrt ist, senden Sie uns\u00a0Ihre Speisekarte\u00a0per email an <a href=\"mailto:oliver.matzhold@gmail.com\">oliver.matzhold@gmail.com<\/a>\u00a0als <strong>PDF Druckvorlage<\/strong> oder als hochwertigen Scan.<\/p>\n<p><strong><br \/>\nPartnerseiten:<\/strong><\/p>\n<ul class=\"list-style3\">\n<li><a title=\"Website von carma\" href=\"http:\/\/www.carma.cc\" target=\"_blank\">carma webdesign &amp; graphics<\/a><\/li>\n<li><a href=\"http:\/\/thezshirts.bigcartel.com\/products\" target=\"_blank\">Zellerluoid`s Shirts<\/a><\/li>\n<li><a href=\"http:\/\/www.lamda.eu\/content\/hermespaketshop\/\" target=\"_blank\">Hermes &amp; DPD Paketshop<\/a><\/li>\n<li><a href=\"http:\/\/wetter.revilo.at\/wxindex.php\" target=\"_blank\">Livewetter Marchfeld<\/a><\/li>\n<li><a href=\"http:\/\/www.pettys.at\/\" target=\"_blank\">Petty\u00b4s Haustriebedarf, Hundefutter,BARF<\/a><\/li>\n<li><a href=\"http:\/\/www.fiberhost.at\/\" target=\"_blank\">Fiberhost Evolution of local hosting<\/a><\/li>\n<li><a href=\"http:\/\/www.lamda.eu\/\" target=\"_blank\">Ihr Partner f\u00fcr Druckerzubeh\u00f6r<\/a><\/li>\n<\/ul>\n<p><strong><a title=\"weitere Lieferdienste\" href=\"http:\/\/pizza.revilo.at\/lieferdienste\/weitere-lieferdienste\/\">Lieferdienste ohne aktuelle Speisekarten.<\/a><\/strong><\/p>\n<p><strong>Impressum:<\/strong><\/p>\n<p><strong> Oliver Matzhold,\u00a0<span style=\"font-family: Arial; line-height: 1.5;\">2292 Loimersdorf,\u00a0<\/span>Teichhof 1\/2<\/strong><a href=\"http:\/\/www.lamda.eu\/\" target=\"_blank\"><br \/>\n<\/a><\/p>\n<form action=\"https:\/\/www.paypal.com\/cgi-bin\/webscr\" method=\"post\" target=\"_top\">\n<div class=\"style1\"><strong>Wir verwenden Cookies auf unserer Website, um Ihren Besuch effizienter zu machen.<\/strong><br \/>\n-&gt; Erteilung Ihres Einverst\u00e4ndnisses zur Verwendung von Cookies<br \/>\nWenn Sie in den Einstellungen Ihres Webbrowsers Cookies zugelassen haben und unsere Website<br \/>\nweiterhin benutzen, hei\u00dft das f\u00fcr uns, dass Sie mit der Verwendung von Cookies einverstanden sind. Sie<br \/>\nk\u00f6nnen die von unserer Website gesetzten Cookies entfernen oder deren Verwendung nicht zulassen. Wie das geht, erfahren Sie weiter unten. Bei Nichtverwendung unserer Cookies bietet unsere Website aber m\u00f6glicherweise nicht den von Ihnen erwarteten Funktionsumfang.<\/div>\n<div class=\"style1\"><strong><br \/>\nGoogle Analytics<\/strong><br \/>\nDiese Website benutzt Google Analytics, einen Webanalysedienst der Google Inc. (\u201eGoogle\u201c). Google Analytics verwendet sog. \u201eCookies\u201c, Textdateien, die auf Ihrem Computer gespeichert werden und die eine Analyse der Benutzung der Website durch Sie erm\u00f6glichen. Die durch den Cookie erzeugten Informationen \u00fcber Ihre Benutzung dieser Website werden in der Regel an einen Server von Google in den USA \u00fcbertragen und dort gespeichert. Im Falle der Aktivierung der IPAnonymisierung auf dieser Webseite, wird Ihre IP-Adresse von Google jedoch innerhalb von Mitgliedstaaten der Europ\u00e4ischen Union oder in anderen Vertragsstaaten des Abkommens \u00fcber den Europ\u00e4ischen Wirtschaftsraum zuvor gek\u00fcrzt. Nur in Ausnahmef\u00e4llen wird die volle IP-Adresse an einen Server von Google in den USA \u00fcbertragen und dort gek\u00fcrzt. Im Auftrag des Betreibers dieser Website wird Google diese Informationen benutzen, um Ihre Nutzung der Website auszuwerten,um Reports \u00fcber die Websiteaktivit\u00e4ten zusammenzustellen und um weitere mit der Websitenutzung und der Internetnutzung verbundene Dienstleistungen gegen\u00fcber dem Websitebetreiber zu erbringen. Die im Rahmen von Google Analytics von Ihrem Browser \u00fcbermittelte IP-Adresse wird nicht mit anderen Daten von Google zusammengef\u00fchrt. Sie k\u00f6nnen die Speicherung der Cookies durch eine entsprechende Einstellung Ihrer Browser-Software verhindern; wir weisen Sie jedoch darauf hin, dass Sie in diesem Fall gegebenenfalls nicht s\u00e4mtliche Funktionen dieser Website vollumf\u00e4nglich werden nutzen k\u00f6nnen.<br \/>\nSie k\u00f6nnen dar\u00fcber hinaus die Erfassung der durch das Cookie erzeugten und auf Ihre Nutzung der Website bezogenen Daten (inkl. Ihrer IP-Adresse) an Google sowie die Verarbeitung dieser Daten durch Google verhindern, indem sie das unter dem folgenden Link verf\u00fcgbare Browser-Plugin herunterladen und installieren: <a href=\"http:\/\/tools.google.com\/dlpage\/gaoptout?hl=de\" target=\"_blank\">HIER<\/a><\/div>\n<div class=\"style1\"><strong><br \/>\nLivezilla<\/strong><br \/>\nAuf dieser Website werden durch Livezilla, einem Webanalysedienst des Anbieters LiveZilla GmbH, Daten erhoben und gespeichert, aus denen unter Verwendung von Pseudonymen Nutzungsprofile erstellt werden. Diese Nutzungsprofile dienen der Analyse des Besucherverhaltens und werden zur Verbesserung und bedarfsgerechten Gestaltung unseres Angebots ausgewertet. Hierzu k\u00f6nnen Cookies eingesetzt werden. Dies sind kleine Textdateien, die lokal auf dem Rechner des Seitenbesuchers gespeichert werden und so eine Wiedererkennung beim erneuten Besuch unserer Website erm\u00f6glichen. Die pseudonymisierten Nutzungsprofile werden ohne eine gesondert zu erteilende, ausdr\u00fcckliche Einwilligung des Betroffenen nicht mit personenbezogenen Daten \u00fcber den Tr\u00e4ger des Pseudonyms zusammengef\u00fchrt. Sie k\u00f6nnen die Installation der Cookies durch eine entsprechende Einstellung Ihrer Browser Software verhindern, wir weisen Sie jedoch darauf hin, dass Sie in diesem Fall gegebenenfalls nicht s\u00e4mtliche Funktionen dieser Website vollumf\u00e4nglich nutzen k\u00f6nnen.<\/div>\n<\/form>\n","protected":false},"excerpt":{"rendered":"<p>Falls Sie uns \u00f6fter besuchen und unseren Dienst zu sch\u00e4tzen wissen , laden Sie uns doch auf einen Kaffee ein&#8230;<\/p>\n","protected":false},"author":1,"featured_media":0,"parent":0,"menu_order":0,"comment_status":"open","ping_status":"open","template":"template-full-width.php","meta":{"footnotes":""},"class_list":["post-40","page","type-page","status-publish","hentry","end"],"yoast_head":"<!-- This site is optimized with the Yoast SEO plugin v27.2 - https:\/\/yoast.com\/product\/yoast-seo-wordpress\/ -->\n<title>\u00fcber pizza.revilo.at - Lieferdienste Marchfeld<\/title>\n<meta name=\"robots\" content=\"index, follow, max-snippet:-1, max-image-preview:large, max-video-preview:-1\" \/>\n<link rel=\"canonical\" href=\"https:\/\/pizza.revilo.at\/lieferdienste\/uber-pizza-revilo-at\/\" \/>\n<meta property=\"og:locale\" content=\"de_DE\" \/>\n<meta property=\"og:type\" content=\"article\" \/>\n<meta property=\"og:title\" content=\"\u00fcber pizza.revilo.at - Lieferdienste Marchfeld\" \/>\n<meta property=\"og:description\" content=\"Falls Sie uns \u00f6fter besuchen und unseren Dienst zu sch\u00e4tzen wissen , laden Sie uns doch auf einen Kaffee ein...\" \/>\n<meta property=\"og:url\" content=\"https:\/\/pizza.revilo.at\/lieferdienste\/uber-pizza-revilo-at\/\" \/>\n<meta property=\"og:site_name\" content=\"Lieferdienste Marchfeld\" \/>\n<meta property=\"article:modified_time\" content=\"2015-03-12T19:36:15+00:00\" \/>\n<meta property=\"og:image\" content=\"https:\/\/pizza.revilo.at\/lieferdienste\/wp-content\/uploads\/2015\/03\/buy-me-a-coffee1.png\" \/>\n\t<meta property=\"og:image:width\" content=\"240\" \/>\n\t<meta property=\"og:image:height\" content=\"100\" \/>\n\t<meta property=\"og:image:type\" content=\"image\/png\" \/>\n<meta name=\"twitter:card\" content=\"summary_large_image\" \/>\n<meta name=\"twitter:label1\" content=\"Gesch\u00e4tzte Lesezeit\" \/>\n\t<meta name=\"twitter:data1\" content=\"3\u00a0Minuten\" \/>\n<script type=\"application\/ld+json\" class=\"yoast-schema-graph\">{\"@context\":\"https:\/\/schema.org\",\"@graph\":[{\"@type\":\"WebPage\",\"@id\":\"https:\/\/pizza.revilo.at\/lieferdienste\/uber-pizza-revilo-at\/\",\"url\":\"https:\/\/pizza.revilo.at\/lieferdienste\/uber-pizza-revilo-at\/\",\"name\":\"\u00fcber pizza.revilo.at - Lieferdienste Marchfeld\",\"isPartOf\":{\"@id\":\"https:\/\/pizza.revilo.at\/lieferdienste\/#website\"},\"primaryImageOfPage\":{\"@id\":\"https:\/\/pizza.revilo.at\/lieferdienste\/uber-pizza-revilo-at\/#primaryimage\"},\"image\":{\"@id\":\"https:\/\/pizza.revilo.at\/lieferdienste\/uber-pizza-revilo-at\/#primaryimage\"},\"thumbnailUrl\":\"http:\/\/pizza.revilo.at\/lieferdienste\/wp-content\/uploads\/2015\/03\/buy-me-a-coffee1.png\",\"datePublished\":\"2015-03-07T22:29:34+00:00\",\"dateModified\":\"2015-03-12T19:36:15+00:00\",\"breadcrumb\":{\"@id\":\"https:\/\/pizza.revilo.at\/lieferdienste\/uber-pizza-revilo-at\/#breadcrumb\"},\"inLanguage\":\"de\",\"potentialAction\":[{\"@type\":\"ReadAction\",\"target\":[\"https:\/\/pizza.revilo.at\/lieferdienste\/uber-pizza-revilo-at\/\"]}]},{\"@type\":\"ImageObject\",\"inLanguage\":\"de\",\"@id\":\"https:\/\/pizza.revilo.at\/lieferdienste\/uber-pizza-revilo-at\/#primaryimage\",\"url\":\"https:\/\/pizza.revilo.at\/lieferdienste\/wp-content\/uploads\/2015\/03\/buy-me-a-coffee1.png\",\"contentUrl\":\"https:\/\/pizza.revilo.at\/lieferdienste\/wp-content\/uploads\/2015\/03\/buy-me-a-coffee1.png\",\"width\":240,\"height\":100},{\"@type\":\"BreadcrumbList\",\"@id\":\"https:\/\/pizza.revilo.at\/lieferdienste\/uber-pizza-revilo-at\/#breadcrumb\",\"itemListElement\":[{\"@type\":\"ListItem\",\"position\":1,\"name\":\"Home\",\"item\":\"https:\/\/pizza.revilo.at\/lieferdienste\/\"},{\"@type\":\"ListItem\",\"position\":2,\"name\":\"\u00fcber pizza.revilo.at\"}]},{\"@type\":\"WebSite\",\"@id\":\"https:\/\/pizza.revilo.at\/lieferdienste\/#website\",\"url\":\"https:\/\/pizza.revilo.at\/lieferdienste\/\",\"name\":\"Lieferdienste Marchfeld\",\"description\":\"Pizza Kebap Lieferdienste\",\"potentialAction\":[{\"@type\":\"SearchAction\",\"target\":{\"@type\":\"EntryPoint\",\"urlTemplate\":\"https:\/\/pizza.revilo.at\/lieferdienste\/?s={search_term_string}\"},\"query-input\":{\"@type\":\"PropertyValueSpecification\",\"valueRequired\":true,\"valueName\":\"search_term_string\"}}],\"inLanguage\":\"de\"}]}<\/script>\n<!-- \/ Yoast SEO plugin. -->","yoast_head_json":{"title":"\u00fcber pizza.revilo.at - Lieferdienste Marchfeld","robots":{"index":"index","follow":"follow","max-snippet":"max-snippet:-1","max-image-preview":"max-image-preview:large","max-video-preview":"max-video-preview:-1"},"canonical":"https:\/\/pizza.revilo.at\/lieferdienste\/uber-pizza-revilo-at\/","og_locale":"de_DE","og_type":"article","og_title":"\u00fcber pizza.revilo.at - Lieferdienste Marchfeld","og_description":"Falls Sie uns \u00f6fter besuchen und unseren Dienst zu sch\u00e4tzen wissen , laden Sie uns doch auf einen Kaffee ein...","og_url":"https:\/\/pizza.revilo.at\/lieferdienste\/uber-pizza-revilo-at\/","og_site_name":"Lieferdienste Marchfeld","article_modified_time":"2015-03-12T19:36:15+00:00","og_image":[{"width":240,"height":100,"url":"https:\/\/pizza.revilo.at\/lieferdienste\/wp-content\/uploads\/2015\/03\/buy-me-a-coffee1.png","type":"image\/png"}],"twitter_card":"summary_large_image","twitter_misc":{"Gesch\u00e4tzte Lesezeit":"3\u00a0Minuten"},"schema":{"@context":"https:\/\/schema.org","@graph":[{"@type":"WebPage","@id":"https:\/\/pizza.revilo.at\/lieferdienste\/uber-pizza-revilo-at\/","url":"https:\/\/pizza.revilo.at\/lieferdienste\/uber-pizza-revilo-at\/","name":"\u00fcber pizza.revilo.at - Lieferdienste Marchfeld","isPartOf":{"@id":"https:\/\/pizza.revilo.at\/lieferdienste\/#website"},"primaryImageOfPage":{"@id":"https:\/\/pizza.revilo.at\/lieferdienste\/uber-pizza-revilo-at\/#primaryimage"},"image":{"@id":"https:\/\/pizza.revilo.at\/lieferdienste\/uber-pizza-revilo-at\/#primaryimage"},"thumbnailUrl":"http:\/\/pizza.revilo.at\/lieferdienste\/wp-content\/uploads\/2015\/03\/buy-me-a-coffee1.png","datePublished":"2015-03-07T22:29:34+00:00","dateModified":"2015-03-12T19:36:15+00:00","breadcrumb":{"@id":"https:\/\/pizza.revilo.at\/lieferdienste\/uber-pizza-revilo-at\/#breadcrumb"},"inLanguage":"de","potentialAction":[{"@type":"ReadAction","target":["https:\/\/pizza.revilo.at\/lieferdienste\/uber-pizza-revilo-at\/"]}]},{"@type":"ImageObject","inLanguage":"de","@id":"https:\/\/pizza.revilo.at\/lieferdienste\/uber-pizza-revilo-at\/#primaryimage","url":"https:\/\/pizza.revilo.at\/lieferdienste\/wp-content\/uploads\/2015\/03\/buy-me-a-coffee1.png","contentUrl":"https:\/\/pizza.revilo.at\/lieferdienste\/wp-content\/uploads\/2015\/03\/buy-me-a-coffee1.png","width":240,"height":100},{"@type":"BreadcrumbList","@id":"https:\/\/pizza.revilo.at\/lieferdienste\/uber-pizza-revilo-at\/#breadcrumb","itemListElement":[{"@type":"ListItem","position":1,"name":"Home","item":"https:\/\/pizza.revilo.at\/lieferdienste\/"},{"@type":"ListItem","position":2,"name":"\u00fcber pizza.revilo.at"}]},{"@type":"WebSite","@id":"https:\/\/pizza.revilo.at\/lieferdienste\/#website","url":"https:\/\/pizza.revilo.at\/lieferdienste\/","name":"Lieferdienste Marchfeld","description":"Pizza Kebap Lieferdienste","potentialAction":[{"@type":"SearchAction","target":{"@type":"EntryPoint","urlTemplate":"https:\/\/pizza.revilo.at\/lieferdienste\/?s={search_term_string}"},"query-input":{"@type":"PropertyValueSpecification","valueRequired":true,"valueName":"search_term_string"}}],"inLanguage":"de"}]}},"_links":{"self":[{"href":"https:\/\/pizza.revilo.at\/lieferdienste\/wp-json\/wp\/v2\/pages\/40","targetHints":{"allow":["GET"]}}],"collection":[{"href":"https:\/\/pizza.revilo.at\/lieferdienste\/wp-json\/wp\/v2\/pages"}],"about":[{"href":"https:\/\/pizza.revilo.at\/lieferdienste\/wp-json\/wp\/v2\/types\/page"}],"author":[{"embeddable":true,"href":"https:\/\/pizza.revilo.at\/lieferdienste\/wp-json\/wp\/v2\/users\/1"}],"replies":[{"embeddable":true,"href":"https:\/\/pizza.revilo.at\/lieferdienste\/wp-json\/wp\/v2\/comments?post=40"}],"version-history":[{"count":46,"href":"https:\/\/pizza.revilo.at\/lieferdienste\/wp-json\/wp\/v2\/pages\/40\/revisions"}],"predecessor-version":[{"id":358,"href":"https:\/\/pizza.revilo.at\/lieferdienste\/wp-json\/wp\/v2\/pages\/40\/revisions\/358"}],"wp:attachment":[{"href":"https:\/\/pizza.revilo.at\/lieferdienste\/wp-json\/wp\/v2\/media?parent=40"}],"curies":[{"name":"wp","href":"https:\/\/api.w.org\/{rel}","templated":true}]}}